{"id":33,"date":"2025-10-17T23:48:18","date_gmt":"2025-10-17T21:48:18","guid":{"rendered":"https:\/\/schilddruesensymposium.de\/?page_id=33"},"modified":"2026-04-24T10:44:32","modified_gmt":"2026-04-24T08:44:32","slug":"willkommen","status":"publish","type":"page","link":"https:\/\/schilddruesensymposium.de\/en\/willkommen\/","title":{"rendered":"A warm welcome"},"content":{"rendered":"<p class=\"has-text-align-center\"><strong>Two days of thyroid surgery<\/strong><\/p>\n\n\n\n<p>Dear colleagues,<\/p>\n\n\n\n<p>We would like to cordially invite you to our 5th thyroid course on <strong>21 and 22 January 2027 in Hamm\/Westphalia<\/strong>, Germany, specialising in thyroid\/parathyroid surgery.<\/p>\n\n\n\n<p>In addition to lectures by speakers from various specialities, experienced surgeons from the field of ENT medicine will perform live operations on the thyroid and parathyroid glands. We have also integrated a sonography course before our actual surgery course, in which the patients for the live operations will also be presented.<\/p>\n\n\n\n<p>The lectures will focus on special topics in thyroid\/parathyroid surgery that are of general interest to every surgeon. Topics include the general endocrinology of the thyroid gland, the value of frozen section diagnostics in the surgical setting, the basics of nuclear medicine for the surgeon and special features of surgery for various clinical pictures.<\/p>\n\n\n\n<p>We would like to conclude our course with presentations on hyperparathyroidism, which is a speciality of our parathyroid surgery and for which we are dependent on close cooperation with our colleagues in nephrology to determine the indication and support.<\/p>\n\n\n\n<p>We hope to have put together an interesting programme, especially for ENT physicians but also for physicians from other specialist disciplines, and would like to give you plenty of time to exchange ideas with colleagues.<\/p>\n\n\n\n<p>The last training course in 2026 was certified with 14 points (category: C) by the Westphalia-Lippe Medical Association.<\/p>\n\n\n\n<p>We look forward to welcoming you to (the conveniently located city of) Hamm!<\/p>\n\n\n\n<p>Dr Dr J\u00fcrgen Abrams<\/p>\n\n\n\n<p><\/p>\n\n\n\n<p class=\"has-background\" style=\"background:linear-gradient(135deg,rgb(81,169,201) 0%,rgb(75,137,184) 100%)\">You can download the flyer for the previous event (16 January 2026) at <a href=\"https:\/\/schilddruesensymposium.de\/wp-content\/uploads\/2025\/10\/flyer_4_hammer_schilddruesenkurs.pdf\" target=\"_blank\" rel=\"noreferrer noopener\">download here<\/a>.<\/p>\n\n\n\n<p><\/p>","protected":false},"excerpt":{"rendered":"<p>Two days of thyroid surgery Liebe Kolleginnen und Kollegen, wir m\u00f6chten hiermit recht herzlich zu unserem 5. Schilddr\u00fcsenkurs am 21. und 22. Januar 2027 in Hamm\/Westfalen, Deutschland, mit dem Schwerpunkt Operationen der Schilddr\u00fcse\/Nebenschilddr\u00fcse einladen. Neben Vortr\u00e4gen von Referenten aus verschiedenen Fachgebieten werden erfahrene Operateure aus dem Fachgebiet der HNO-Heilkunde Liveoperationen zur Schilddr\u00fcse und Nebenschilddr\u00fcse durchf\u00fchren. &hellip; <\/p>\n<p class=\"link-more\"><a href=\"https:\/\/schilddruesensymposium.de\/en\/willkommen\/\" class=\"more-link\">Continue reading<span class=\"screen-reader-text\"> &#8222;Herzlich willkommen&#8220;<\/span><\/a><\/p>","protected":false},"author":1,"featured_media":0,"parent":0,"menu_order":1,"comment_status":"closed","ping_status":"closed","template":"","meta":{"footnotes":""},"class_list":["post-33","page","type-page","status-publish","hentry"],"yoast_head":"<!-- This site is optimized with the Yoast SEO plugin v27.5 - https:\/\/yoast.com\/product\/yoast-seo-wordpress\/ -->\n<title>Herzlich willkommen - Schilddr\u00fcse | Nebenschilddr\u00fcse<\/title>\n<meta name=\"robots\" content=\"index, follow, max-snippet:-1, max-image-preview:large, max-video-preview:-1\" \/>\n<link rel=\"canonical\" href=\"https:\/\/schilddruesensymposium.de\/en\/willkommen\/\" \/>\n<meta property=\"og:locale\" content=\"en_GB\" \/>\n<meta property=\"og:type\" content=\"article\" \/>\n<meta property=\"og:title\" content=\"Herzlich willkommen - Schilddr\u00fcse | Nebenschilddr\u00fcse\" \/>\n<meta property=\"og:description\" content=\"Two days of thyroid surgery Liebe Kolleginnen und Kollegen, wir m\u00f6chten hiermit recht herzlich zu unserem 5. Schilddr\u00fcsenkurs am 21. und 22. Januar 2027 in Hamm\/Westfalen, Deutschland, mit dem Schwerpunkt Operationen der Schilddr\u00fcse\/Nebenschilddr\u00fcse einladen. Neben Vortr\u00e4gen von Referenten aus verschiedenen Fachgebieten werden erfahrene Operateure aus dem Fachgebiet der HNO-Heilkunde Liveoperationen zur Schilddr\u00fcse und Nebenschilddr\u00fcse durchf\u00fchren. &hellip; Continue reading &quot;Herzlich willkommen&quot;\" \/>\n<meta property=\"og:url\" content=\"https:\/\/schilddruesensymposium.de\/en\/willkommen\/\" \/>\n<meta property=\"og:site_name\" content=\"Schilddr\u00fcse | Nebenschilddr\u00fcse\" \/>\n<meta property=\"article:modified_time\" content=\"2026-04-24T08:44:32+00:00\" \/>\n<meta name=\"twitter:card\" content=\"summary_large_image\" \/>\n<meta name=\"twitter:label1\" content=\"Estimated reading time\" \/>\n\t<meta name=\"twitter:data1\" content=\"2 minutes\" \/>\n<script type=\"application\/ld+json\" class=\"yoast-schema-graph\">{\"@context\":\"https:\\\/\\\/schema.org\",\"@graph\":[{\"@type\":\"WebPage\",\"@id\":\"https:\\\/\\\/schilddruesensymposium.de\\\/willkommen\\\/\",\"url\":\"https:\\\/\\\/schilddruesensymposium.de\\\/willkommen\\\/\",\"name\":\"Herzlich willkommen - Schilddr\u00fcse | Nebenschilddr\u00fcse\",\"isPartOf\":{\"@id\":\"https:\\\/\\\/schilddruesensymposium.de\\\/#website\"},\"datePublished\":\"2025-10-17T21:48:18+00:00\",\"dateModified\":\"2026-04-24T08:44:32+00:00\",\"breadcrumb\":{\"@id\":\"https:\\\/\\\/schilddruesensymposium.de\\\/willkommen\\\/#breadcrumb\"},\"inLanguage\":\"en-GB\",\"potentialAction\":[{\"@type\":\"ReadAction\",\"target\":[\"https:\\\/\\\/schilddruesensymposium.de\\\/willkommen\\\/\"]}]},{\"@type\":\"BreadcrumbList\",\"@id\":\"https:\\\/\\\/schilddruesensymposium.de\\\/willkommen\\\/#breadcrumb\",\"itemListElement\":[{\"@type\":\"ListItem\",\"position\":1,\"name\":\"Startseite\",\"item\":\"https:\\\/\\\/schilddruesensymposium.de\\\/\"},{\"@type\":\"ListItem\",\"position\":2,\"name\":\"Herzlich willkommen\"}]},{\"@type\":\"WebSite\",\"@id\":\"https:\\\/\\\/schilddruesensymposium.de\\\/#website\",\"url\":\"https:\\\/\\\/schilddruesensymposium.de\\\/\",\"name\":\"Schilddr\u00fcse | Nebenschilddr\u00fcse\",\"description\":\"5. Hammer Schilddr\u00fcsenkurs | 21. \\\/ 22. Januar 2027\",\"potentialAction\":[{\"@type\":\"SearchAction\",\"target\":{\"@type\":\"EntryPoint\",\"urlTemplate\":\"https:\\\/\\\/schilddruesensymposium.de\\\/?s={search_term_string}\"},\"query-input\":{\"@type\":\"PropertyValueSpecification\",\"valueRequired\":true,\"valueName\":\"search_term_string\"}}],\"inLanguage\":\"en-GB\"}]}<\/script>\n<!-- \/ Yoast SEO plugin. -->","yoast_head_json":{"title":"Herzlich willkommen - Schilddr\u00fcse | Nebenschilddr\u00fcse","robots":{"index":"index","follow":"follow","max-snippet":"max-snippet:-1","max-image-preview":"max-image-preview:large","max-video-preview":"max-video-preview:-1"},"canonical":"https:\/\/schilddruesensymposium.de\/en\/willkommen\/","og_locale":"en_GB","og_type":"article","og_title":"Herzlich willkommen - Schilddr\u00fcse | Nebenschilddr\u00fcse","og_description":"Two days of thyroid surgery Liebe Kolleginnen und Kollegen, wir m\u00f6chten hiermit recht herzlich zu unserem 5. Schilddr\u00fcsenkurs am 21. und 22. Januar 2027 in Hamm\/Westfalen, Deutschland, mit dem Schwerpunkt Operationen der Schilddr\u00fcse\/Nebenschilddr\u00fcse einladen. Neben Vortr\u00e4gen von Referenten aus verschiedenen Fachgebieten werden erfahrene Operateure aus dem Fachgebiet der HNO-Heilkunde Liveoperationen zur Schilddr\u00fcse und Nebenschilddr\u00fcse durchf\u00fchren. &hellip; Continue reading \"Herzlich willkommen\"","og_url":"https:\/\/schilddruesensymposium.de\/en\/willkommen\/","og_site_name":"Schilddr\u00fcse | Nebenschilddr\u00fcse","article_modified_time":"2026-04-24T08:44:32+00:00","twitter_card":"summary_large_image","twitter_misc":{"Estimated reading time":"2 minutes"},"schema":{"@context":"https:\/\/schema.org","@graph":[{"@type":"WebPage","@id":"https:\/\/schilddruesensymposium.de\/willkommen\/","url":"https:\/\/schilddruesensymposium.de\/willkommen\/","name":"Herzlich willkommen - Schilddr\u00fcse | Nebenschilddr\u00fcse","isPartOf":{"@id":"https:\/\/schilddruesensymposium.de\/#website"},"datePublished":"2025-10-17T21:48:18+00:00","dateModified":"2026-04-24T08:44:32+00:00","breadcrumb":{"@id":"https:\/\/schilddruesensymposium.de\/willkommen\/#breadcrumb"},"inLanguage":"en-GB","potentialAction":[{"@type":"ReadAction","target":["https:\/\/schilddruesensymposium.de\/willkommen\/"]}]},{"@type":"BreadcrumbList","@id":"https:\/\/schilddruesensymposium.de\/willkommen\/#breadcrumb","itemListElement":[{"@type":"ListItem","position":1,"name":"Startseite","item":"https:\/\/schilddruesensymposium.de\/"},{"@type":"ListItem","position":2,"name":"Herzlich willkommen"}]},{"@type":"WebSite","@id":"https:\/\/schilddruesensymposium.de\/#website","url":"https:\/\/schilddruesensymposium.de\/","name":"Thyroid gland | Parathyroid gland","description":"5th Hammer Thyroid Course | 21 \/ 22 January 2027","potentialAction":[{"@type":"SearchAction","target":{"@type":"EntryPoint","urlTemplate":"https:\/\/schilddruesensymposium.de\/?s={search_term_string}"},"query-input":{"@type":"PropertyValueSpecification","valueRequired":true,"valueName":"search_term_string"}}],"inLanguage":"en-GB"}]}},"_links":{"self":[{"href":"https:\/\/schilddruesensymposium.de\/en\/wp-json\/wp\/v2\/pages\/33","targetHints":{"allow":["GET"]}}],"collection":[{"href":"https:\/\/schilddruesensymposium.de\/en\/wp-json\/wp\/v2\/pages"}],"about":[{"href":"https:\/\/schilddruesensymposium.de\/en\/wp-json\/wp\/v2\/types\/page"}],"author":[{"embeddable":true,"href":"https:\/\/schilddruesensymposium.de\/en\/wp-json\/wp\/v2\/users\/1"}],"replies":[{"embeddable":true,"href":"https:\/\/schilddruesensymposium.de\/en\/wp-json\/wp\/v2\/comments?post=33"}],"version-history":[{"count":20,"href":"https:\/\/schilddruesensymposium.de\/en\/wp-json\/wp\/v2\/pages\/33\/revisions"}],"predecessor-version":[{"id":292,"href":"https:\/\/schilddruesensymposium.de\/en\/wp-json\/wp\/v2\/pages\/33\/revisions\/292"}],"wp:attachment":[{"href":"https:\/\/schilddruesensymposium.de\/en\/wp-json\/wp\/v2\/media?parent=33"}],"curies":[{"name":"wp","href":"https:\/\/api.w.org\/{rel}","templated":true}]}}