{"id":233,"date":"2026-02-13T19:50:29","date_gmt":"2026-02-13T18:50:29","guid":{"rendered":"https:\/\/schilddruesensymposium.de\/?page_id=233"},"modified":"2026-03-17T10:04:22","modified_gmt":"2026-03-17T09:04:22","slug":"impressionen-schilddruesenkurs-2026","status":"publish","type":"page","link":"https:\/\/schilddruesensymposium.de\/en\/impressionen-schilddruesenkurs-2026\/","title":{"rendered":"Impressions thyroid course 2026"},"content":{"rendered":"<h3 class=\"wp-block-heading\">The video of the course<\/h3>\n\n\n\n<figure class=\"wp-block-video\"><video height=\"1080\" style=\"aspect-ratio: 1920 \/ 1080;\" width=\"1920\" controls src=\"https:\/\/schilddruesensymposium.de\/wp-content\/uploads\/2026\/03\/20260116_schilddruese_hamm_impressionen.mp4\"><\/video><\/figure>\n\n\n\n<div class=\"wp-block-buttons is-layout-flex wp-container-core-buttons-is-layout-a74382ec wp-block-buttons-is-layout-flex\">\n<div class=\"wp-block-button\"><a class=\"wp-block-button__link wp-element-button\" href=\"https:\/\/www.youtube.com\/watch?v=hdTBh7sH2VM\" target=\"_blank\" rel=\"noreferrer noopener\">Watch the video on YouTube<\/a><\/div>\n<\/div>\n\n\n\n<h3 class=\"wp-block-heading\">Photo gallery<\/h3>\n\n\n\n<figure class=\"wp-block-gallery has-nested-images columns-default is-cropped wp-block-gallery-1 is-layout-flex wp-block-gallery-is-layout-flex\">\n<figure data-wp-context=\"{&quot;imageId&quot;:&quot;69e5ebc7d7240&quot;}\" data-wp-interactive=\"core\/image\" data-wp-key=\"69e5ebc7d7240\" class=\"wp-block-image size-large wp-lightbox-container\"><img loading=\"lazy\" decoding=\"async\" width=\"1024\" height=\"768\" data-wp-class--hide=\"state.isContentHidden\" data-wp-class--show=\"state.isContentVisible\" data-wp-init=\"callbacks.setButtonStyles\" data-wp-on--click=\"actions.showLightbox\" data-wp-on--load=\"callbacks.setButtonStyles\" data-wp-on-window--resize=\"callbacks.setButtonStyles\" data-id=\"235\" src=\"https:\/\/schilddruesensymposium.de\/wp-content\/uploads\/2026\/02\/schilddruesenkurs-2026-01-1024x768.jpg\" alt=\"\" class=\"wp-image-235\" srcset=\"https:\/\/schilddruesensymposium.de\/wp-content\/uploads\/2026\/02\/schilddruesenkurs-2026-01-1024x768.jpg 1024w, https:\/\/schilddruesensymposium.de\/wp-content\/uploads\/2026\/02\/schilddruesenkurs-2026-01-300x225.jpg 300w, https:\/\/schilddruesensymposium.de\/wp-content\/uploads\/2026\/02\/schilddruesenkurs-2026-01-768x576.jpg 768w, https:\/\/schilddruesensymposium.de\/wp-content\/uploads\/2026\/02\/schilddruesenkurs-2026-01.jpg 1280w\" sizes=\"auto, (max-width: 767px) 89vw, (max-width: 1000px) 54vw, (max-width: 1071px) 543px, 580px\" \/><button\n\t\t\tclass=\"lightbox-trigger\"\n\t\t\ttype=\"button\"\n\t\t\taria-haspopup=\"dialog\"\n\t\t\taria-label=\"Enlarge\"\n\t\t\tdata-wp-init=\"callbacks.initTriggerButton\"\n\t\t\tdata-wp-on--click=\"actions.showLightbox\"\n\t\t\tdata-wp-style--right=\"state.imageButtonRight\"\n\t\t\tdata-wp-style--top=\"state.imageButtonTop\"\n\t\t>\n\t\t\t<svg xmlns=\"http:\/\/www.w3.org\/2000\/svg\" width=\"12\" height=\"12\" fill=\"none\" viewbox=\"0 0 12 12\">\n\t\t\t\t<path fill=\"#fff\" d=\"M2 0a2 2 0 0 0-2 2v2h1.5V2a.5.5 0 0 1 .5-.5h2V0H2Zm2 10.5H2a.5.5 0 0 1-.5-.5V8H0v2a2 2 0 0 0 2 2h2v-1.5ZM8 12v-1.5h2a.5.5 0 0 0 .5-.5V8H12v2a2 2 0 0 1-2 2H8Zm2-12a2 2 0 0 1 2 2v2h-1.5V2a.5.5 0 0 0-.5-.5H8V0h2Z\" \/>\n\t\t\t<\/svg>\n\t\t<\/button><\/figure>\n\n\n\n<figure data-wp-context=\"{&quot;imageId&quot;:&quot;69e5ebc7d7d67&quot;}\" data-wp-interactive=\"core\/image\" data-wp-key=\"69e5ebc7d7d67\" class=\"wp-block-image size-large wp-lightbox-container\"><img loading=\"lazy\" decoding=\"async\" width=\"1024\" height=\"768\" data-wp-class--hide=\"state.isContentHidden\" data-wp-class--show=\"state.isContentVisible\" data-wp-init=\"callbacks.setButtonStyles\" data-wp-on--click=\"actions.showLightbox\" data-wp-on--load=\"callbacks.setButtonStyles\" data-wp-on-window--resize=\"callbacks.setButtonStyles\" data-id=\"236\" src=\"https:\/\/schilddruesensymposium.de\/wp-content\/uploads\/2026\/02\/schilddruesenkurs-2026-02-1024x768.jpg\" alt=\"\" class=\"wp-image-236\" srcset=\"https:\/\/schilddruesensymposium.de\/wp-content\/uploads\/2026\/02\/schilddruesenkurs-2026-02-1024x768.jpg 1024w, https:\/\/schilddruesensymposium.de\/wp-content\/uploads\/2026\/02\/schilddruesenkurs-2026-02-300x225.jpg 300w, https:\/\/schilddruesensymposium.de\/wp-content\/uploads\/2026\/02\/schilddruesenkurs-2026-02-768x576.jpg 768w, https:\/\/schilddruesensymposium.de\/wp-content\/uploads\/2026\/02\/schilddruesenkurs-2026-02.jpg 1280w\" sizes=\"auto, (max-width: 767px) 89vw, (max-width: 1000px) 54vw, (max-width: 1071px) 543px, 580px\" \/><button\n\t\t\tclass=\"lightbox-trigger\"\n\t\t\ttype=\"button\"\n\t\t\taria-haspopup=\"dialog\"\n\t\t\taria-label=\"Enlarge\"\n\t\t\tdata-wp-init=\"callbacks.initTriggerButton\"\n\t\t\tdata-wp-on--click=\"actions.showLightbox\"\n\t\t\tdata-wp-style--right=\"state.imageButtonRight\"\n\t\t\tdata-wp-style--top=\"state.imageButtonTop\"\n\t\t>\n\t\t\t<svg xmlns=\"http:\/\/www.w3.org\/2000\/svg\" width=\"12\" height=\"12\" fill=\"none\" viewbox=\"0 0 12 12\">\n\t\t\t\t<path fill=\"#fff\" d=\"M2 0a2 2 0 0 0-2 2v2h1.5V2a.5.5 0 0 1 .5-.5h2V0H2Zm2 10.5H2a.5.5 0 0 1-.5-.5V8H0v2a2 2 0 0 0 2 2h2v-1.5ZM8 12v-1.5h2a.5.5 0 0 0 .5-.5V8H12v2a2 2 0 0 1-2 2H8Zm2-12a2 2 0 0 1 2 2v2h-1.5V2a.5.5 0 0 0-.5-.5H8V0h2Z\" \/>\n\t\t\t<\/svg>\n\t\t<\/button><\/figure>\n\n\n\n<figure data-wp-context=\"{&quot;imageId&quot;:&quot;69e5ebc7d85f3&quot;}\" data-wp-interactive=\"core\/image\" data-wp-key=\"69e5ebc7d85f3\" class=\"wp-block-image size-large wp-lightbox-container\"><img loading=\"lazy\" decoding=\"async\" width=\"1024\" height=\"768\" data-wp-class--hide=\"state.isContentHidden\" data-wp-class--show=\"state.isContentVisible\" data-wp-init=\"callbacks.setButtonStyles\" data-wp-on--click=\"actions.showLightbox\" data-wp-on--load=\"callbacks.setButtonStyles\" data-wp-on-window--resize=\"callbacks.setButtonStyles\" data-id=\"237\" src=\"https:\/\/schilddruesensymposium.de\/wp-content\/uploads\/2026\/02\/schilddruesenkurs-2026-03-1024x768.jpg\" alt=\"\" class=\"wp-image-237\" srcset=\"https:\/\/schilddruesensymposium.de\/wp-content\/uploads\/2026\/02\/schilddruesenkurs-2026-03-1024x768.jpg 1024w, https:\/\/schilddruesensymposium.de\/wp-content\/uploads\/2026\/02\/schilddruesenkurs-2026-03-300x225.jpg 300w, https:\/\/schilddruesensymposium.de\/wp-content\/uploads\/2026\/02\/schilddruesenkurs-2026-03-768x576.jpg 768w, https:\/\/schilddruesensymposium.de\/wp-content\/uploads\/2026\/02\/schilddruesenkurs-2026-03.jpg 1280w\" sizes=\"auto, (max-width: 767px) 89vw, (max-width: 1000px) 54vw, (max-width: 1071px) 543px, 580px\" \/><button\n\t\t\tclass=\"lightbox-trigger\"\n\t\t\ttype=\"button\"\n\t\t\taria-haspopup=\"dialog\"\n\t\t\taria-label=\"Enlarge\"\n\t\t\tdata-wp-init=\"callbacks.initTriggerButton\"\n\t\t\tdata-wp-on--click=\"actions.showLightbox\"\n\t\t\tdata-wp-style--right=\"state.imageButtonRight\"\n\t\t\tdata-wp-style--top=\"state.imageButtonTop\"\n\t\t>\n\t\t\t<svg xmlns=\"http:\/\/www.w3.org\/2000\/svg\" width=\"12\" height=\"12\" fill=\"none\" viewbox=\"0 0 12 12\">\n\t\t\t\t<path fill=\"#fff\" d=\"M2 0a2 2 0 0 0-2 2v2h1.5V2a.5.5 0 0 1 .5-.5h2V0H2Zm2 10.5H2a.5.5 0 0 1-.5-.5V8H0v2a2 2 0 0 0 2 2h2v-1.5ZM8 12v-1.5h2a.5.5 0 0 0 .5-.5V8H12v2a2 2 0 0 1-2 2H8Zm2-12a2 2 0 0 1 2 2v2h-1.5V2a.5.5 0 0 0-.5-.5H8V0h2Z\" \/>\n\t\t\t<\/svg>\n\t\t<\/button><\/figure>\n\n\n\n<figure data-wp-context=\"{&quot;imageId&quot;:&quot;69e5ebc7d900f&quot;}\" data-wp-interactive=\"core\/image\" data-wp-key=\"69e5ebc7d900f\" class=\"wp-block-image size-large wp-lightbox-container\"><img loading=\"lazy\" decoding=\"async\" width=\"768\" height=\"1024\" data-wp-class--hide=\"state.isContentHidden\" data-wp-class--show=\"state.isContentVisible\" data-wp-init=\"callbacks.setButtonStyles\" data-wp-on--click=\"actions.showLightbox\" data-wp-on--load=\"callbacks.setButtonStyles\" data-wp-on-window--resize=\"callbacks.setButtonStyles\" data-id=\"238\" src=\"https:\/\/schilddruesensymposium.de\/wp-content\/uploads\/2026\/02\/schilddruesenkurs-2026-04-768x1024.jpg\" alt=\"\" class=\"wp-image-238\" srcset=\"https:\/\/schilddruesensymposium.de\/wp-content\/uploads\/2026\/02\/schilddruesenkurs-2026-04-768x1024.jpg 768w, https:\/\/schilddruesensymposium.de\/wp-content\/uploads\/2026\/02\/schilddruesenkurs-2026-04-225x300.jpg 225w, https:\/\/schilddruesensymposium.de\/wp-content\/uploads\/2026\/02\/schilddruesenkurs-2026-04-1152x1536.jpg 1152w, https:\/\/schilddruesensymposium.de\/wp-content\/uploads\/2026\/02\/schilddruesenkurs-2026-04.jpg 1280w\" sizes=\"auto, (max-width: 767px) 89vw, (max-width: 1000px) 54vw, (max-width: 1071px) 543px, 580px\" \/><button\n\t\t\tclass=\"lightbox-trigger\"\n\t\t\ttype=\"button\"\n\t\t\taria-haspopup=\"dialog\"\n\t\t\taria-label=\"Enlarge\"\n\t\t\tdata-wp-init=\"callbacks.initTriggerButton\"\n\t\t\tdata-wp-on--click=\"actions.showLightbox\"\n\t\t\tdata-wp-style--right=\"state.imageButtonRight\"\n\t\t\tdata-wp-style--top=\"state.imageButtonTop\"\n\t\t>\n\t\t\t<svg xmlns=\"http:\/\/www.w3.org\/2000\/svg\" width=\"12\" height=\"12\" fill=\"none\" viewbox=\"0 0 12 12\">\n\t\t\t\t<path fill=\"#fff\" d=\"M2 0a2 2 0 0 0-2 2v2h1.5V2a.5.5 0 0 1 .5-.5h2V0H2Zm2 10.5H2a.5.5 0 0 1-.5-.5V8H0v2a2 2 0 0 0 2 2h2v-1.5ZM8 12v-1.5h2a.5.5 0 0 0 .5-.5V8H12v2a2 2 0 0 1-2 2H8Zm2-12a2 2 0 0 1 2 2v2h-1.5V2a.5.5 0 0 0-.5-.5H8V0h2Z\" \/>\n\t\t\t<\/svg>\n\t\t<\/button><\/figure>\n\n\n\n<figure data-wp-context=\"{&quot;imageId&quot;:&quot;69e5ebc7d98b9&quot;}\" data-wp-interactive=\"core\/image\" data-wp-key=\"69e5ebc7d98b9\" class=\"wp-block-image size-large wp-lightbox-container\"><img loading=\"lazy\" decoding=\"async\" width=\"768\" height=\"1024\" data-wp-class--hide=\"state.isContentHidden\" data-wp-class--show=\"state.isContentVisible\" data-wp-init=\"callbacks.setButtonStyles\" data-wp-on--click=\"actions.showLightbox\" data-wp-on--load=\"callbacks.setButtonStyles\" data-wp-on-window--resize=\"callbacks.setButtonStyles\" data-id=\"239\" src=\"https:\/\/schilddruesensymposium.de\/wp-content\/uploads\/2026\/02\/schilddruesenkurs-2026-05-768x1024.jpg\" alt=\"\" class=\"wp-image-239\" srcset=\"https:\/\/schilddruesensymposium.de\/wp-content\/uploads\/2026\/02\/schilddruesenkurs-2026-05-768x1024.jpg 768w, https:\/\/schilddruesensymposium.de\/wp-content\/uploads\/2026\/02\/schilddruesenkurs-2026-05-225x300.jpg 225w, https:\/\/schilddruesensymposium.de\/wp-content\/uploads\/2026\/02\/schilddruesenkurs-2026-05-1152x1536.jpg 1152w, https:\/\/schilddruesensymposium.de\/wp-content\/uploads\/2026\/02\/schilddruesenkurs-2026-05.jpg 1280w\" sizes=\"auto, (max-width: 767px) 89vw, (max-width: 1000px) 54vw, (max-width: 1071px) 543px, 580px\" \/><button\n\t\t\tclass=\"lightbox-trigger\"\n\t\t\ttype=\"button\"\n\t\t\taria-haspopup=\"dialog\"\n\t\t\taria-label=\"Enlarge\"\n\t\t\tdata-wp-init=\"callbacks.initTriggerButton\"\n\t\t\tdata-wp-on--click=\"actions.showLightbox\"\n\t\t\tdata-wp-style--right=\"state.imageButtonRight\"\n\t\t\tdata-wp-style--top=\"state.imageButtonTop\"\n\t\t>\n\t\t\t<svg xmlns=\"http:\/\/www.w3.org\/2000\/svg\" width=\"12\" height=\"12\" fill=\"none\" viewbox=\"0 0 12 12\">\n\t\t\t\t<path fill=\"#fff\" d=\"M2 0a2 2 0 0 0-2 2v2h1.5V2a.5.5 0 0 1 .5-.5h2V0H2Zm2 10.5H2a.5.5 0 0 1-.5-.5V8H0v2a2 2 0 0 0 2 2h2v-1.5ZM8 12v-1.5h2a.5.5 0 0 0 .5-.5V8H12v2a2 2 0 0 1-2 2H8Zm2-12a2 2 0 0 1 2 2v2h-1.5V2a.5.5 0 0 0-.5-.5H8V0h2Z\" \/>\n\t\t\t<\/svg>\n\t\t<\/button><\/figure>\n\n\n\n<figure data-wp-context=\"{&quot;imageId&quot;:&quot;69e5ebc7da0dd&quot;}\" data-wp-interactive=\"core\/image\" data-wp-key=\"69e5ebc7da0dd\" class=\"wp-block-image size-large wp-lightbox-container\"><img loading=\"lazy\" decoding=\"async\" width=\"768\" height=\"1024\" data-wp-class--hide=\"state.isContentHidden\" data-wp-class--show=\"state.isContentVisible\" data-wp-init=\"callbacks.setButtonStyles\" data-wp-on--click=\"actions.showLightbox\" data-wp-on--load=\"callbacks.setButtonStyles\" data-wp-on-window--resize=\"callbacks.setButtonStyles\" data-id=\"240\" src=\"https:\/\/schilddruesensymposium.de\/wp-content\/uploads\/2026\/02\/schilddruesenkurs-2026-06-768x1024.jpg\" alt=\"\" class=\"wp-image-240\" srcset=\"https:\/\/schilddruesensymposium.de\/wp-content\/uploads\/2026\/02\/schilddruesenkurs-2026-06-768x1024.jpg 768w, https:\/\/schilddruesensymposium.de\/wp-content\/uploads\/2026\/02\/schilddruesenkurs-2026-06-225x300.jpg 225w, https:\/\/schilddruesensymposium.de\/wp-content\/uploads\/2026\/02\/schilddruesenkurs-2026-06-1152x1536.jpg 1152w, https:\/\/schilddruesensymposium.de\/wp-content\/uploads\/2026\/02\/schilddruesenkurs-2026-06.jpg 1280w\" sizes=\"auto, (max-width: 767px) 89vw, (max-width: 1000px) 54vw, (max-width: 1071px) 543px, 580px\" \/><button\n\t\t\tclass=\"lightbox-trigger\"\n\t\t\ttype=\"button\"\n\t\t\taria-haspopup=\"dialog\"\n\t\t\taria-label=\"Enlarge\"\n\t\t\tdata-wp-init=\"callbacks.initTriggerButton\"\n\t\t\tdata-wp-on--click=\"actions.showLightbox\"\n\t\t\tdata-wp-style--right=\"state.imageButtonRight\"\n\t\t\tdata-wp-style--top=\"state.imageButtonTop\"\n\t\t>\n\t\t\t<svg xmlns=\"http:\/\/www.w3.org\/2000\/svg\" width=\"12\" height=\"12\" fill=\"none\" viewbox=\"0 0 12 12\">\n\t\t\t\t<path fill=\"#fff\" d=\"M2 0a2 2 0 0 0-2 2v2h1.5V2a.5.5 0 0 1 .5-.5h2V0H2Zm2 10.5H2a.5.5 0 0 1-.5-.5V8H0v2a2 2 0 0 0 2 2h2v-1.5ZM8 12v-1.5h2a.5.5 0 0 0 .5-.5V8H12v2a2 2 0 0 1-2 2H8Zm2-12a2 2 0 0 1 2 2v2h-1.5V2a.5.5 0 0 0-.5-.5H8V0h2Z\" \/>\n\t\t\t<\/svg>\n\t\t<\/button><\/figure>\n\n\n\n<figure data-wp-context=\"{&quot;imageId&quot;:&quot;69e5ebc7da992&quot;}\" data-wp-interactive=\"core\/image\" data-wp-key=\"69e5ebc7da992\" class=\"wp-block-image size-large wp-lightbox-container\"><img loading=\"lazy\" decoding=\"async\" width=\"1024\" height=\"593\" data-wp-class--hide=\"state.isContentHidden\" data-wp-class--show=\"state.isContentVisible\" data-wp-init=\"callbacks.setButtonStyles\" data-wp-on--click=\"actions.showLightbox\" data-wp-on--load=\"callbacks.setButtonStyles\" data-wp-on-window--resize=\"callbacks.setButtonStyles\" data-id=\"241\" src=\"https:\/\/schilddruesensymposium.de\/wp-content\/uploads\/2026\/02\/schilddruesenkurs-2026-07-1024x593.jpg\" alt=\"\" class=\"wp-image-241\" srcset=\"https:\/\/schilddruesensymposium.de\/wp-content\/uploads\/2026\/02\/schilddruesenkurs-2026-07-1024x593.jpg 1024w, https:\/\/schilddruesensymposium.de\/wp-content\/uploads\/2026\/02\/schilddruesenkurs-2026-07-300x174.jpg 300w, https:\/\/schilddruesensymposium.de\/wp-content\/uploads\/2026\/02\/schilddruesenkurs-2026-07-768x445.jpg 768w, https:\/\/schilddruesensymposium.de\/wp-content\/uploads\/2026\/02\/schilddruesenkurs-2026-07.jpg 1280w\" sizes=\"auto, (max-width: 767px) 89vw, (max-width: 1000px) 54vw, (max-width: 1071px) 543px, 580px\" \/><button\n\t\t\tclass=\"lightbox-trigger\"\n\t\t\ttype=\"button\"\n\t\t\taria-haspopup=\"dialog\"\n\t\t\taria-label=\"Enlarge\"\n\t\t\tdata-wp-init=\"callbacks.initTriggerButton\"\n\t\t\tdata-wp-on--click=\"actions.showLightbox\"\n\t\t\tdata-wp-style--right=\"state.imageButtonRight\"\n\t\t\tdata-wp-style--top=\"state.imageButtonTop\"\n\t\t>\n\t\t\t<svg xmlns=\"http:\/\/www.w3.org\/2000\/svg\" width=\"12\" height=\"12\" fill=\"none\" viewbox=\"0 0 12 12\">\n\t\t\t\t<path fill=\"#fff\" d=\"M2 0a2 2 0 0 0-2 2v2h1.5V2a.5.5 0 0 1 .5-.5h2V0H2Zm2 10.5H2a.5.5 0 0 1-.5-.5V8H0v2a2 2 0 0 0 2 2h2v-1.5ZM8 12v-1.5h2a.5.5 0 0 0 .5-.5V8H12v2a2 2 0 0 1-2 2H8Zm2-12a2 2 0 0 1 2 2v2h-1.5V2a.5.5 0 0 0-.5-.5H8V0h2Z\" \/>\n\t\t\t<\/svg>\n\t\t<\/button><\/figure>\n\n\n\n<figure data-wp-context=\"{&quot;imageId&quot;:&quot;69e5ebc7db2ec&quot;}\" data-wp-interactive=\"core\/image\" data-wp-key=\"69e5ebc7db2ec\" class=\"wp-block-image size-large wp-lightbox-container\"><img loading=\"lazy\" decoding=\"async\" width=\"1024\" height=\"908\" data-wp-class--hide=\"state.isContentHidden\" data-wp-class--show=\"state.isContentVisible\" data-wp-init=\"callbacks.setButtonStyles\" data-wp-on--click=\"actions.showLightbox\" data-wp-on--load=\"callbacks.setButtonStyles\" data-wp-on-window--resize=\"callbacks.setButtonStyles\" data-id=\"242\" src=\"https:\/\/schilddruesensymposium.de\/wp-content\/uploads\/2026\/02\/schilddruesenkurs-2026-08-1024x908.jpg\" alt=\"\" class=\"wp-image-242\" srcset=\"https:\/\/schilddruesensymposium.de\/wp-content\/uploads\/2026\/02\/schilddruesenkurs-2026-08-1024x908.jpg 1024w, https:\/\/schilddruesensymposium.de\/wp-content\/uploads\/2026\/02\/schilddruesenkurs-2026-08-300x266.jpg 300w, https:\/\/schilddruesensymposium.de\/wp-content\/uploads\/2026\/02\/schilddruesenkurs-2026-08-768x681.jpg 768w, https:\/\/schilddruesensymposium.de\/wp-content\/uploads\/2026\/02\/schilddruesenkurs-2026-08.jpg 1280w\" sizes=\"auto, (max-width: 767px) 89vw, (max-width: 1000px) 54vw, (max-width: 1071px) 543px, 580px\" \/><button\n\t\t\tclass=\"lightbox-trigger\"\n\t\t\ttype=\"button\"\n\t\t\taria-haspopup=\"dialog\"\n\t\t\taria-label=\"Enlarge\"\n\t\t\tdata-wp-init=\"callbacks.initTriggerButton\"\n\t\t\tdata-wp-on--click=\"actions.showLightbox\"\n\t\t\tdata-wp-style--right=\"state.imageButtonRight\"\n\t\t\tdata-wp-style--top=\"state.imageButtonTop\"\n\t\t>\n\t\t\t<svg xmlns=\"http:\/\/www.w3.org\/2000\/svg\" width=\"12\" height=\"12\" fill=\"none\" viewbox=\"0 0 12 12\">\n\t\t\t\t<path fill=\"#fff\" d=\"M2 0a2 2 0 0 0-2 2v2h1.5V2a.5.5 0 0 1 .5-.5h2V0H2Zm2 10.5H2a.5.5 0 0 1-.5-.5V8H0v2a2 2 0 0 0 2 2h2v-1.5ZM8 12v-1.5h2a.5.5 0 0 0 .5-.5V8H12v2a2 2 0 0 1-2 2H8Zm2-12a2 2 0 0 1 2 2v2h-1.5V2a.5.5 0 0 0-.5-.5H8V0h2Z\" \/>\n\t\t\t<\/svg>\n\t\t<\/button><\/figure>\n<\/figure>","protected":false},"excerpt":{"rendered":"<p>Das Video zum Kurs Fotostrecke<\/p>","protected":false},"author":1,"featured_media":0,"parent":0,"menu_order":5,"comment_status":"closed","ping_status":"closed","template":"","meta":{"footnotes":""},"class_list":["post-233","page","type-page","status-publish","hentry"],"yoast_head":"<!-- This site is optimized with the Yoast SEO plugin v27.4 - https:\/\/yoast.com\/product\/yoast-seo-wordpress\/ -->\n<title>Impressionen Schilddr\u00fcsenkurs 2026 - Schilddr\u00fcse | Nebenschilddr\u00fcse<\/title>\n<meta name=\"robots\" content=\"index, follow, max-snippet:-1, max-image-preview:large, max-video-preview:-1\" \/>\n<link rel=\"canonical\" href=\"https:\/\/schilddruesensymposium.de\/en\/impressionen-schilddruesenkurs-2026\/\" \/>\n<meta property=\"og:locale\" content=\"en_GB\" \/>\n<meta property=\"og:type\" content=\"article\" \/>\n<meta property=\"og:title\" content=\"Impressionen Schilddr\u00fcsenkurs 2026 - Schilddr\u00fcse | Nebenschilddr\u00fcse\" \/>\n<meta property=\"og:description\" content=\"Das Video zum Kurs Fotostrecke\" \/>\n<meta property=\"og:url\" content=\"https:\/\/schilddruesensymposium.de\/en\/impressionen-schilddruesenkurs-2026\/\" \/>\n<meta property=\"og:site_name\" content=\"Schilddr\u00fcse | Nebenschilddr\u00fcse\" \/>\n<meta property=\"article:modified_time\" content=\"2026-03-17T09:04:22+00:00\" \/>\n<meta property=\"og:image\" content=\"https:\/\/schilddruesensymposium.de\/wp-content\/uploads\/2026\/02\/schilddruesenkurs-2026-01.jpg\" \/>\n\t<meta property=\"og:image:width\" content=\"1280\" \/>\n\t<meta property=\"og:image:height\" content=\"960\" \/>\n\t<meta property=\"og:image:type\" content=\"image\/jpeg\" \/>\n<meta name=\"twitter:card\" content=\"summary_large_image\" \/>\n<meta name=\"twitter:label1\" content=\"Estimated reading time\" \/>\n\t<meta name=\"twitter:data1\" content=\"2 minutes\" \/>\n<script type=\"application\/ld+json\" class=\"yoast-schema-graph\">{\"@context\":\"https:\\\/\\\/schema.org\",\"@graph\":[{\"@type\":\"WebPage\",\"@id\":\"https:\\\/\\\/schilddruesensymposium.de\\\/impressionen-schilddruesenkurs-2026\\\/\",\"url\":\"https:\\\/\\\/schilddruesensymposium.de\\\/impressionen-schilddruesenkurs-2026\\\/\",\"name\":\"Impressionen Schilddr\u00fcsenkurs 2026 - Schilddr\u00fcse | Nebenschilddr\u00fcse\",\"isPartOf\":{\"@id\":\"https:\\\/\\\/schilddruesensymposium.de\\\/#website\"},\"primaryImageOfPage\":{\"@id\":\"https:\\\/\\\/schilddruesensymposium.de\\\/impressionen-schilddruesenkurs-2026\\\/#primaryimage\"},\"image\":{\"@id\":\"https:\\\/\\\/schilddruesensymposium.de\\\/impressionen-schilddruesenkurs-2026\\\/#primaryimage\"},\"thumbnailUrl\":\"https:\\\/\\\/schilddruesensymposium.de\\\/wp-content\\\/uploads\\\/2026\\\/02\\\/schilddruesenkurs-2026-01-1024x768.jpg\",\"datePublished\":\"2026-02-13T18:50:29+00:00\",\"dateModified\":\"2026-03-17T09:04:22+00:00\",\"breadcrumb\":{\"@id\":\"https:\\\/\\\/schilddruesensymposium.de\\\/impressionen-schilddruesenkurs-2026\\\/#breadcrumb\"},\"inLanguage\":\"en-GB\",\"potentialAction\":[{\"@type\":\"ReadAction\",\"target\":[\"https:\\\/\\\/schilddruesensymposium.de\\\/impressionen-schilddruesenkurs-2026\\\/\"]}]},{\"@type\":\"ImageObject\",\"inLanguage\":\"en-GB\",\"@id\":\"https:\\\/\\\/schilddruesensymposium.de\\\/impressionen-schilddruesenkurs-2026\\\/#primaryimage\",\"url\":\"https:\\\/\\\/schilddruesensymposium.de\\\/wp-content\\\/uploads\\\/2026\\\/02\\\/schilddruesenkurs-2026-01-1024x768.jpg\",\"contentUrl\":\"https:\\\/\\\/schilddruesensymposium.de\\\/wp-content\\\/uploads\\\/2026\\\/02\\\/schilddruesenkurs-2026-01-1024x768.jpg\"},{\"@type\":\"BreadcrumbList\",\"@id\":\"https:\\\/\\\/schilddruesensymposium.de\\\/impressionen-schilddruesenkurs-2026\\\/#breadcrumb\",\"itemListElement\":[{\"@type\":\"ListItem\",\"position\":1,\"name\":\"Startseite\",\"item\":\"https:\\\/\\\/schilddruesensymposium.de\\\/\"},{\"@type\":\"ListItem\",\"position\":2,\"name\":\"Impressionen Schilddr\u00fcsenkurs 2026\"}]},{\"@type\":\"WebSite\",\"@id\":\"https:\\\/\\\/schilddruesensymposium.de\\\/#website\",\"url\":\"https:\\\/\\\/schilddruesensymposium.de\\\/\",\"name\":\"Schilddr\u00fcse | Nebenschilddr\u00fcse\",\"description\":\"5. Hammer Schilddr\u00fcsenkurs | 21. \\\/ 22. Januar 2027\",\"potentialAction\":[{\"@type\":\"SearchAction\",\"target\":{\"@type\":\"EntryPoint\",\"urlTemplate\":\"https:\\\/\\\/schilddruesensymposium.de\\\/?s={search_term_string}\"},\"query-input\":{\"@type\":\"PropertyValueSpecification\",\"valueRequired\":true,\"valueName\":\"search_term_string\"}}],\"inLanguage\":\"en-GB\"}]}<\/script>\n<!-- \/ Yoast SEO plugin. -->","yoast_head_json":{"title":"Impressionen Schilddr\u00fcsenkurs 2026 - Schilddr\u00fcse | Nebenschilddr\u00fcse","robots":{"index":"index","follow":"follow","max-snippet":"max-snippet:-1","max-image-preview":"max-image-preview:large","max-video-preview":"max-video-preview:-1"},"canonical":"https:\/\/schilddruesensymposium.de\/en\/impressionen-schilddruesenkurs-2026\/","og_locale":"en_GB","og_type":"article","og_title":"Impressionen Schilddr\u00fcsenkurs 2026 - Schilddr\u00fcse | Nebenschilddr\u00fcse","og_description":"Das Video zum Kurs Fotostrecke","og_url":"https:\/\/schilddruesensymposium.de\/en\/impressionen-schilddruesenkurs-2026\/","og_site_name":"Schilddr\u00fcse | Nebenschilddr\u00fcse","article_modified_time":"2026-03-17T09:04:22+00:00","og_image":[{"width":1280,"height":960,"url":"https:\/\/schilddruesensymposium.de\/wp-content\/uploads\/2026\/02\/schilddruesenkurs-2026-01.jpg","type":"image\/jpeg"}],"twitter_card":"summary_large_image","twitter_misc":{"Estimated reading time":"2 minutes"},"schema":{"@context":"https:\/\/schema.org","@graph":[{"@type":"WebPage","@id":"https:\/\/schilddruesensymposium.de\/impressionen-schilddruesenkurs-2026\/","url":"https:\/\/schilddruesensymposium.de\/impressionen-schilddruesenkurs-2026\/","name":"Impressionen Schilddr\u00fcsenkurs 2026 - Schilddr\u00fcse | Nebenschilddr\u00fcse","isPartOf":{"@id":"https:\/\/schilddruesensymposium.de\/#website"},"primaryImageOfPage":{"@id":"https:\/\/schilddruesensymposium.de\/impressionen-schilddruesenkurs-2026\/#primaryimage"},"image":{"@id":"https:\/\/schilddruesensymposium.de\/impressionen-schilddruesenkurs-2026\/#primaryimage"},"thumbnailUrl":"https:\/\/schilddruesensymposium.de\/wp-content\/uploads\/2026\/02\/schilddruesenkurs-2026-01-1024x768.jpg","datePublished":"2026-02-13T18:50:29+00:00","dateModified":"2026-03-17T09:04:22+00:00","breadcrumb":{"@id":"https:\/\/schilddruesensymposium.de\/impressionen-schilddruesenkurs-2026\/#breadcrumb"},"inLanguage":"en-GB","potentialAction":[{"@type":"ReadAction","target":["https:\/\/schilddruesensymposium.de\/impressionen-schilddruesenkurs-2026\/"]}]},{"@type":"ImageObject","inLanguage":"en-GB","@id":"https:\/\/schilddruesensymposium.de\/impressionen-schilddruesenkurs-2026\/#primaryimage","url":"https:\/\/schilddruesensymposium.de\/wp-content\/uploads\/2026\/02\/schilddruesenkurs-2026-01-1024x768.jpg","contentUrl":"https:\/\/schilddruesensymposium.de\/wp-content\/uploads\/2026\/02\/schilddruesenkurs-2026-01-1024x768.jpg"},{"@type":"BreadcrumbList","@id":"https:\/\/schilddruesensymposium.de\/impressionen-schilddruesenkurs-2026\/#breadcrumb","itemListElement":[{"@type":"ListItem","position":1,"name":"Startseite","item":"https:\/\/schilddruesensymposium.de\/"},{"@type":"ListItem","position":2,"name":"Impressionen Schilddr\u00fcsenkurs 2026"}]},{"@type":"WebSite","@id":"https:\/\/schilddruesensymposium.de\/#website","url":"https:\/\/schilddruesensymposium.de\/","name":"Thyroid gland | Parathyroid gland","description":"5th Hammer Thyroid Course | 21 \/ 22 January 2027","potentialAction":[{"@type":"SearchAction","target":{"@type":"EntryPoint","urlTemplate":"https:\/\/schilddruesensymposium.de\/?s={search_term_string}"},"query-input":{"@type":"PropertyValueSpecification","valueRequired":true,"valueName":"search_term_string"}}],"inLanguage":"en-GB"}]}},"_links":{"self":[{"href":"https:\/\/schilddruesensymposium.de\/en\/wp-json\/wp\/v2\/pages\/233","targetHints":{"allow":["GET"]}}],"collection":[{"href":"https:\/\/schilddruesensymposium.de\/en\/wp-json\/wp\/v2\/pages"}],"about":[{"href":"https:\/\/schilddruesensymposium.de\/en\/wp-json\/wp\/v2\/types\/page"}],"author":[{"embeddable":true,"href":"https:\/\/schilddruesensymposium.de\/en\/wp-json\/wp\/v2\/users\/1"}],"replies":[{"embeddable":true,"href":"https:\/\/schilddruesensymposium.de\/en\/wp-json\/wp\/v2\/comments?post=233"}],"version-history":[{"count":6,"href":"https:\/\/schilddruesensymposium.de\/en\/wp-json\/wp\/v2\/pages\/233\/revisions"}],"predecessor-version":[{"id":288,"href":"https:\/\/schilddruesensymposium.de\/en\/wp-json\/wp\/v2\/pages\/233\/revisions\/288"}],"wp:attachment":[{"href":"https:\/\/schilddruesensymposium.de\/en\/wp-json\/wp\/v2\/media?parent=233"}],"curies":[{"name":"wp","href":"https:\/\/api.w.org\/{rel}","templated":true}]}}