{"id":141,"date":"2025-10-27T16:44:23","date_gmt":"2025-10-27T15:44:23","guid":{"rendered":"https:\/\/schilddruesensymposium.de\/?page_id=141"},"modified":"2025-10-27T17:26:11","modified_gmt":"2025-10-27T16:26:11","slug":"anreise-und-wichtige-informationen","status":"publish","type":"page","link":"https:\/\/schilddruesensymposium.de\/en\/anreise-und-wichtige-informationen\/","title":{"rendered":"Arrival and important information"},"content":{"rendered":"<h2 class=\"wp-block-heading\">Adressen<\/h2>\n\n\n\n<p><strong>Tagungsadresse<\/strong><\/p>\n\n\n\n<p>St. Barbara Klinik, Am Heessener Wald 1, 59073 Hamm, Konferenzraum 1\u00a0<\/p>\n\n\n\n<p><a href=\"https:\/\/maps.app.goo.gl\/8p8RaHiT3Ba73ww88\" target=\"_blank\" rel=\"noreferrer noopener nofollow\">Route mit Google Maps planen<\/a><\/p>\n\n\n\n<p><strong>Gesellschaftsabend<\/strong><\/p>\n\n\n\n<p>Altes F\u00e4hrhaus, F\u00e4hrstra\u00dfe 1 , 59071 Hamm<\/p>\n\n\n\n<p><a href=\"https:\/\/maps.app.goo.gl\/J9rZY3Cn9FgE5Fwa7\" target=\"_blank\" rel=\"noreferrer noopener nofollow\">Route mit Google Maps planen<\/a><\/p>\n\n\n\n<h2 class=\"wp-block-heading\">Anreise<\/h2>\n\n\n\n<h3 class=\"wp-block-heading\">Anreise mit Bus und Bahn<\/h3>\n\n\n\n<p>Der bequemste Weg nach Hamm f\u00fchrt zweifellos \u00fcber die Schiene. Sp\u00e4testens nach einem Umstieg am Hammer Hauptbahnhof in die Linien RB69 oder RE6 gelangt man in nur einer Station zum Bahnhof Heessen. Die Klinik ist von dort fu\u00dfl\u00e4ufig in wenigen Minuten zu erreichen. Vom Hammer Hauptbahnhof kann ebenso der Bus (Linie 11 oder 12) gew\u00e4hlt werden. Die Bushaltestelle befindet sich direkt am Haupteingang der Klinik.<\/p>\n\n\n\n<h3 class=\"wp-block-heading\">Anreise mit dem Auto<br><\/h3>\n\n\n\n<p><strong>Anfahrt von Norden\/Westen:<\/strong><\/p>\n\n\n\n<ul class=\"wp-block-list\">\n<li>\u00fcber BAB 1, Abfahrt Bockum\/Werne<\/li>\n\n\n\n<li>nach rechts auf die Lipperandstra\u00dfe Richtung Hamm<\/li>\n\n\n\n<li>ihr ca. 9 km geradeaus folgen bis sie auf die M\u00fcnsterstra\u00dfe (B 63) trifft, rechts einbiegen<\/li>\n\n\n\n<li>nach ca. 2 km das Ortseingangsschild Hamm passieren und der Stra\u00dfe weiter folgen, geradeaus \u00fcber die Ampel und den ersten Kreisverkehr hinaus<\/li>\n\n\n\n<li>den zweiten Kreisverkehr auf dem Sachsenring verlassen, Ausschilderung Richtung &#8222;\u00d6ko-Zentrum&#8220; folgen<\/li>\n\n\n\n<li>auf dem Sachsenweg geradeaus am \u00d6ko-Zentrum vorbei, an der Ampelkreuzung rechts<\/li>\n\n\n\n<li>an der n\u00e4chsten Ampel links, bis zum Kreisverkehr fahren<\/li>\n\n\n\n<li>den Kreisverkehr auf der Vogelstra\u00dfe verlassen<\/li>\n\n\n\n<li>nach ca. 500 m links in den Enniger Weg (hier befinden sich die Zufahrten f\u00fcr die beiden Parkpl\u00e4tze der St. Barbara-Klinik)<\/li>\n<\/ul>\n\n\n\n<p><strong>Anfahrt von S\u00fcden\/Westen:<\/strong><\/p>\n\n\n\n<ul class=\"wp-block-list\">\n<li>\u00fcber BAB 2, Abfahrt Hamm<\/li>\n\n\n\n<li>nach links auf die Werler Stra\u00dfe (B63) Richtung Hamm Innenstadt<\/li>\n\n\n\n<li>nach ca. 3,5 km (McDonalds-Restaurant) rechts in die Dr. Loeb-Caldenhof-Stra\u00dfe<\/li>\n\n\n\n<li>dem Verlauf der Stra\u00dfe (Caldenhofer Weg, Hohefeldweg, Soester Stra\u00dfe, F\u00e4hrstra\u00dfe) ca. 7 km folgen &#8211; \u00fcber die Lippe- und Kanalbr\u00fccke bis zum Ortsteil Hamm-Heessen<\/li>\n\n\n\n<li>an der Ampelkreuzung rechts auf die Dolberger Sta\u00dfe<\/li>\n\n\n\n<li>nach ca. 800 m links in die Vogelstra\u00dfe<\/li>\n\n\n\n<li>an der zweiten Ampel rechts in den Enniger Weg (hier befinden sich die Zufahrten f\u00fcr die beiden Parkpl\u00e4tze der St. Barbara-Klinik)<\/li>\n<\/ul>\n\n\n\n<p><strong>Anfahrt von Osten:<\/strong><\/p>\n\n\n\n<ul class=\"wp-block-list\">\n<li>\u00fcber BAB 2, Abfahrt Hamm-Uentrop<\/li>\n\n\n\n<li>nach rechts auf die Uentroper Stra\u00dfe Richtung Dolberg\/Ahlen\/Hamm<\/li>\n\n\n\n<li>im Ortsteil Dolberg nach links auf die Heessener Stra\u00dfe (B61) der Ausschilderung Hamm folgen<\/li>\n\n\n\n<li>nach dem Ortseingangsschild Hamm-Heessen nach rechts in die Vogelstra\u00dfe<\/li>\n\n\n\n<li>an der 2. Ampelkreuzung rechts in den Enniger Weg (hier befinden sich die Zufahrten f\u00fcr die beiden Parkpl\u00e4tze der St.Barbara-Klinik)<\/li>\n<\/ul>\n\n\n\n<h3 class=\"wp-block-heading\">Anreise mit dem Flugzeug<\/h3>\n\n\n\n<p>Durch die N\u00e4he zu drei Regionalflugh\u00e4fen in Dortmund, M\u00fcnster und Paderborn ist Hamm auch mit dem Flugzeug leicht zu erreichen.<\/p>\n\n\n\n<p>Der Flughafen Dortmund-Wickede am \u00f6stlichen Rand des Ruhrgebiets ist von Hamm aus in einer halben Stunden zu erreichen. Er liegt sehr verkehrsg\u00fcnstig an der A40 (B1) bzw. A44. Ein \u00fcbersichtliches Terminal, kurze Wege und Abfertigungszeiten sowie 41 Destinationen in 13 L\u00e4ndern machen den Flughafen Dortmund zu einem professionellen Partner f\u00fcr Reisende ins In- und Ausland. N\u00e4here Infos unter <a href=\"http:\/\/www.flughafen-dortmund.de\">http:\/\/www.flughafen-dortmund.de<\/a>\/.<\/p>\n\n\n\n<p>Hamm selbst verf\u00fcgt \u00fcber einen innenstadtnahen Sportflugplatz mit Flugschule. Der Flugplatz ist zugelassen f\u00fcr Flugzeuge bis 2000 Kilogramm, N\u00e4here Infos unter Fon: 02381\/32706.<\/p>\n\n\n\n<p>Der n\u00e4chste internationale Flughafen ist <a href=\"http:\/\/www.dus.com\">D\u00fcsseldorf<\/a>.<\/p>\n\n\n\n<h2 class=\"wp-block-heading\">Hotels<\/h2>\n\n\n\n<div class=\"wp-block-group\"><div class=\"wp-block-group__inner-container is-layout-constrained wp-block-group-is-layout-constrained\">\n<div class=\"wp-block-group\"><div class=\"wp-block-group__inner-container is-layout-constrained wp-block-group-is-layout-constrained\">\n<details class=\"wp-block-details is-layout-flow wp-block-details-is-layout-flow\"><summary><strong>B &amp; B Hotel Hamm, Willy-Brandt-Platz 5, 59065 Hamm<\/strong> (5,6 km)<\/summary>\n<p>Fon:\u00a0 +49 2381 95600<br><a href=\"http:\/\/www.hotelbb.de\/de\/hamm\">www.hotelbb.de\/de\/hamm<\/a><\/p>\n<\/details>\n<\/div><\/div>\n\n\n\n<details class=\"wp-block-details is-layout-flow wp-block-details-is-layout-flow\"><summary><strong>Hotel Alte Markt, Alte Soester Stra\u00dfe 29, 59071 Hamm<\/strong> (3,8 km)<\/summary>\n<p>Fon:\u00a0 +49 2381 980560<br><a href=\"http:\/\/www.alte-mark.de\">www.alte-mark.de<\/a><\/p>\n<\/details>\n\n\n\n<details class=\"wp-block-details is-layout-flow wp-block-details-is-layout-flow\"><summary><strong>Hotel Dietrich, M\u00fcnsterstra\u00dfe 16, 59065 Hamm<\/strong> (4,3 km)<\/summary>\n<p>Fon: +49 2381 302070<br><a href=\"http:\/\/www.hotel-dietrich-hamm.de\">www.hotel-dietrich-hamm.de<\/a><\/p>\n<\/details>\n\n\n\n<details class=\"wp-block-details is-layout-flow wp-block-details-is-layout-flow\"><summary><strong>Mercure Hotel, Neue Bahnhofstr. 3, 59065 Hamm<\/strong> (5,8 km)<\/summary>\n<p>Fon: +49 2381 91920<br><a href=\"http:\/\/www.mercure.com\/de\/hotel-2941-mercure-hotel-hamm\/index.shtml\">www.mercure.com\/de\/hotel-2941-mercure-hotel-hamm\/index.shtml<\/a><\/p>\n<\/details>\n\n\n\n<details class=\"wp-block-details is-layout-flow wp-block-details-is-layout-flow\"><summary><strong>Gasthof zur Domsch\u00e4nke , Hessener Dorfstra\u00dfe 18, 59073 Hamm<\/strong> (zu Fu\u00df 800 m)<\/summary>\n<p>Fon: +49 2381 32583<\/p>\n<\/details>\n\n\n\n<details class=\"wp-block-details is-layout-flow wp-block-details-is-layout-flow\"><summary><strong>SPA Hotel Gut Sternholz, Im Giesendahl, 59071 Hamm<\/strong> (8,9 km)<\/summary>\n<p>Fon: +49 2388 301099-0<br><a href=\"http:\/\/www.gut-sternholz.de\/hotel.php\">www.gut-sternholz.de<\/a>\u00a0<\/p>\n<\/details>\n\n\n\n<details class=\"wp-block-details is-layout-flow wp-block-details-is-layout-flow\"><summary><strong>Bootshaus Hamm, F\u00e4hrstra\u00dfe 7, 59073 Hamm<\/strong> (2,4 km)<\/summary>\n<p>Fon: +49 2381 987650<br><a href=\"http:\/\/www.hamm-bootshaus.de\">www.hamm-bootshaus.de<\/a><\/p>\n<\/details>\n\n\n\n<details class=\"wp-block-details is-layout-flow wp-block-details-is-layout-flow\"><summary><strong>Hammer Brunnen, Ostenallee 105, 59071 Hamm<\/strong> (3,6 km)<\/summary>\n<p>Fon: +49 2381 982830<br><a href=\"http:\/\/www.hammer-brunnen.de\">www.hammer-brunnen.de<\/a><\/p>\n<\/details>\n\n\n\n<details class=\"wp-block-details is-layout-flow wp-block-details-is-layout-flow\"><summary><strong>Hotel Stadt Hamm, S\u00fcdstra\u00dfe 9-13, 59065 Hamm<\/strong> (5,2 km)<\/summary>\n<p>Fon: +49 2381 29091<br><a href=\"http:\/\/www.hotel-stadt-hamm.de\">www.hotel-stadt-hamm.de<\/a><\/p>\n<\/details>\n<\/div><\/div>","protected":false},"excerpt":{"rendered":"<p>Adressen Tagungsadresse St. Barbara Klinik, Am Heessener Wald 1, 59073 Hamm, Konferenzraum 1\u00a0 Route mit Google Maps planen Gesellschaftsabend Altes F\u00e4hrhaus, F\u00e4hrstra\u00dfe 1 , 59071 Hamm Route mit Google Maps planen Anreise Anreise mit Bus und Bahn Der bequemste Weg nach Hamm f\u00fchrt zweifellos \u00fcber die Schiene. Sp\u00e4testens nach einem Umstieg am Hammer Hauptbahnhof in &hellip; <\/p>\n<p class=\"link-more\"><a href=\"https:\/\/schilddruesensymposium.de\/en\/anreise-und-wichtige-informationen\/\" class=\"more-link\">Continue reading<span class=\"screen-reader-text\"> &#8222;Anreise und wichtige Informationen&#8220;<\/span><\/a><\/p>","protected":false},"author":1,"featured_media":0,"parent":0,"menu_order":4,"comment_status":"closed","ping_status":"closed","template":"","meta":{"footnotes":""},"class_list":["post-141","page","type-page","status-publish","hentry"],"yoast_head":"<!-- This site is optimized with the Yoast SEO plugin v27.4 - https:\/\/yoast.com\/product\/yoast-seo-wordpress\/ -->\n<title>Anreise und wichtige Informationen - Schilddr\u00fcse | Nebenschilddr\u00fcse<\/title>\n<meta name=\"robots\" content=\"index, follow, max-snippet:-1, max-image-preview:large, max-video-preview:-1\" \/>\n<link rel=\"canonical\" href=\"https:\/\/schilddruesensymposium.de\/en\/anreise-und-wichtige-informationen\/\" \/>\n<meta property=\"og:locale\" content=\"en_GB\" \/>\n<meta property=\"og:type\" content=\"article\" \/>\n<meta property=\"og:title\" content=\"Anreise und wichtige Informationen - Schilddr\u00fcse | Nebenschilddr\u00fcse\" \/>\n<meta property=\"og:description\" content=\"Adressen Tagungsadresse St. Barbara Klinik, Am Heessener Wald 1, 59073 Hamm, Konferenzraum 1\u00a0 Route mit Google Maps planen Gesellschaftsabend Altes F\u00e4hrhaus, F\u00e4hrstra\u00dfe 1 , 59071 Hamm Route mit Google Maps planen Anreise Anreise mit Bus und Bahn Der bequemste Weg nach Hamm f\u00fchrt zweifellos \u00fcber die Schiene. Sp\u00e4testens nach einem Umstieg am Hammer Hauptbahnhof in &hellip; Continue reading &quot;Anreise und wichtige Informationen&quot;\" \/>\n<meta property=\"og:url\" content=\"https:\/\/schilddruesensymposium.de\/en\/anreise-und-wichtige-informationen\/\" \/>\n<meta property=\"og:site_name\" content=\"Schilddr\u00fcse | Nebenschilddr\u00fcse\" \/>\n<meta property=\"article:modified_time\" content=\"2025-10-27T16:26:11+00:00\" \/>\n<meta name=\"twitter:card\" content=\"summary_large_image\" \/>\n<meta name=\"twitter:label1\" content=\"Estimated reading time\" \/>\n\t<meta name=\"twitter:data1\" content=\"4 minutes\" \/>\n<script type=\"application\/ld+json\" class=\"yoast-schema-graph\">{\"@context\":\"https:\\\/\\\/schema.org\",\"@graph\":[{\"@type\":\"WebPage\",\"@id\":\"https:\\\/\\\/schilddruesensymposium.de\\\/anreise-und-wichtige-informationen\\\/\",\"url\":\"https:\\\/\\\/schilddruesensymposium.de\\\/anreise-und-wichtige-informationen\\\/\",\"name\":\"Anreise und wichtige Informationen - Schilddr\u00fcse | Nebenschilddr\u00fcse\",\"isPartOf\":{\"@id\":\"https:\\\/\\\/schilddruesensymposium.de\\\/#website\"},\"datePublished\":\"2025-10-27T15:44:23+00:00\",\"dateModified\":\"2025-10-27T16:26:11+00:00\",\"breadcrumb\":{\"@id\":\"https:\\\/\\\/schilddruesensymposium.de\\\/anreise-und-wichtige-informationen\\\/#breadcrumb\"},\"inLanguage\":\"en-GB\",\"potentialAction\":[{\"@type\":\"ReadAction\",\"target\":[\"https:\\\/\\\/schilddruesensymposium.de\\\/anreise-und-wichtige-informationen\\\/\"]}]},{\"@type\":\"BreadcrumbList\",\"@id\":\"https:\\\/\\\/schilddruesensymposium.de\\\/anreise-und-wichtige-informationen\\\/#breadcrumb\",\"itemListElement\":[{\"@type\":\"ListItem\",\"position\":1,\"name\":\"Startseite\",\"item\":\"https:\\\/\\\/schilddruesensymposium.de\\\/\"},{\"@type\":\"ListItem\",\"position\":2,\"name\":\"Anreise und wichtige Informationen\"}]},{\"@type\":\"WebSite\",\"@id\":\"https:\\\/\\\/schilddruesensymposium.de\\\/#website\",\"url\":\"https:\\\/\\\/schilddruesensymposium.de\\\/\",\"name\":\"Schilddr\u00fcse | Nebenschilddr\u00fcse\",\"description\":\"5. Hammer Schilddr\u00fcsenkurs | 21. \\\/ 22. Januar 2027\",\"potentialAction\":[{\"@type\":\"SearchAction\",\"target\":{\"@type\":\"EntryPoint\",\"urlTemplate\":\"https:\\\/\\\/schilddruesensymposium.de\\\/?s={search_term_string}\"},\"query-input\":{\"@type\":\"PropertyValueSpecification\",\"valueRequired\":true,\"valueName\":\"search_term_string\"}}],\"inLanguage\":\"en-GB\"}]}<\/script>\n<!-- \/ Yoast SEO plugin. -->","yoast_head_json":{"title":"Anreise und wichtige Informationen - Schilddr\u00fcse | Nebenschilddr\u00fcse","robots":{"index":"index","follow":"follow","max-snippet":"max-snippet:-1","max-image-preview":"max-image-preview:large","max-video-preview":"max-video-preview:-1"},"canonical":"https:\/\/schilddruesensymposium.de\/en\/anreise-und-wichtige-informationen\/","og_locale":"en_GB","og_type":"article","og_title":"Anreise und wichtige Informationen - Schilddr\u00fcse | Nebenschilddr\u00fcse","og_description":"Adressen Tagungsadresse St. Barbara Klinik, Am Heessener Wald 1, 59073 Hamm, Konferenzraum 1\u00a0 Route mit Google Maps planen Gesellschaftsabend Altes F\u00e4hrhaus, F\u00e4hrstra\u00dfe 1 , 59071 Hamm Route mit Google Maps planen Anreise Anreise mit Bus und Bahn Der bequemste Weg nach Hamm f\u00fchrt zweifellos \u00fcber die Schiene. Sp\u00e4testens nach einem Umstieg am Hammer Hauptbahnhof in &hellip; Continue reading \"Anreise und wichtige Informationen\"","og_url":"https:\/\/schilddruesensymposium.de\/en\/anreise-und-wichtige-informationen\/","og_site_name":"Schilddr\u00fcse | Nebenschilddr\u00fcse","article_modified_time":"2025-10-27T16:26:11+00:00","twitter_card":"summary_large_image","twitter_misc":{"Estimated reading time":"4 minutes"},"schema":{"@context":"https:\/\/schema.org","@graph":[{"@type":"WebPage","@id":"https:\/\/schilddruesensymposium.de\/anreise-und-wichtige-informationen\/","url":"https:\/\/schilddruesensymposium.de\/anreise-und-wichtige-informationen\/","name":"Anreise und wichtige Informationen - Schilddr\u00fcse | Nebenschilddr\u00fcse","isPartOf":{"@id":"https:\/\/schilddruesensymposium.de\/#website"},"datePublished":"2025-10-27T15:44:23+00:00","dateModified":"2025-10-27T16:26:11+00:00","breadcrumb":{"@id":"https:\/\/schilddruesensymposium.de\/anreise-und-wichtige-informationen\/#breadcrumb"},"inLanguage":"en-GB","potentialAction":[{"@type":"ReadAction","target":["https:\/\/schilddruesensymposium.de\/anreise-und-wichtige-informationen\/"]}]},{"@type":"BreadcrumbList","@id":"https:\/\/schilddruesensymposium.de\/anreise-und-wichtige-informationen\/#breadcrumb","itemListElement":[{"@type":"ListItem","position":1,"name":"Startseite","item":"https:\/\/schilddruesensymposium.de\/"},{"@type":"ListItem","position":2,"name":"Anreise und wichtige Informationen"}]},{"@type":"WebSite","@id":"https:\/\/schilddruesensymposium.de\/#website","url":"https:\/\/schilddruesensymposium.de\/","name":"Thyroid gland | Parathyroid gland","description":"5th Hammer Thyroid Course | 21 \/ 22 January 2027","potentialAction":[{"@type":"SearchAction","target":{"@type":"EntryPoint","urlTemplate":"https:\/\/schilddruesensymposium.de\/?s={search_term_string}"},"query-input":{"@type":"PropertyValueSpecification","valueRequired":true,"valueName":"search_term_string"}}],"inLanguage":"en-GB"}]}},"_links":{"self":[{"href":"https:\/\/schilddruesensymposium.de\/en\/wp-json\/wp\/v2\/pages\/141","targetHints":{"allow":["GET"]}}],"collection":[{"href":"https:\/\/schilddruesensymposium.de\/en\/wp-json\/wp\/v2\/pages"}],"about":[{"href":"https:\/\/schilddruesensymposium.de\/en\/wp-json\/wp\/v2\/types\/page"}],"author":[{"embeddable":true,"href":"https:\/\/schilddruesensymposium.de\/en\/wp-json\/wp\/v2\/users\/1"}],"replies":[{"embeddable":true,"href":"https:\/\/schilddruesensymposium.de\/en\/wp-json\/wp\/v2\/comments?post=141"}],"version-history":[{"count":3,"href":"https:\/\/schilddruesensymposium.de\/en\/wp-json\/wp\/v2\/pages\/141\/revisions"}],"predecessor-version":[{"id":145,"href":"https:\/\/schilddruesensymposium.de\/en\/wp-json\/wp\/v2\/pages\/141\/revisions\/145"}],"wp:attachment":[{"href":"https:\/\/schilddruesensymposium.de\/en\/wp-json\/wp\/v2\/media?parent=141"}],"curies":[{"name":"wp","href":"https:\/\/api.w.org\/{rel}","templated":true}]}}