{"id":133,"date":"2025-10-27T15:15:29","date_gmt":"2025-10-27T14:15:29","guid":{"rendered":"https:\/\/schilddruesensymposium.de\/?page_id=133"},"modified":"2026-02-13T20:28:58","modified_gmt":"2026-02-13T19:28:58","slug":"programm-schilddruesenkurs","status":"publish","type":"page","link":"https:\/\/schilddruesensymposium.de\/en\/programm-schilddruesenkurs\/","title":{"rendered":"Programme thyroid course"},"content":{"rendered":"<p>The programme and speakers for the 2027 thyroid course will follow.<\/p>\n\n\n\n<p><\/p>","protected":false},"excerpt":{"rendered":"<p>The programme and speakers for the 2027 thyroid course will follow.<\/p>","protected":false},"author":1,"featured_media":0,"parent":0,"menu_order":2,"comment_status":"closed","ping_status":"closed","template":"","meta":{"footnotes":""},"class_list":["post-133","page","type-page","status-publish","hentry"],"yoast_head":"<!-- This site is optimized with the Yoast SEO plugin v27.4 - https:\/\/yoast.com\/product\/yoast-seo-wordpress\/ -->\n<title>Programm Schilddr\u00fcsenkurs - Schilddr\u00fcse | Nebenschilddr\u00fcse<\/title>\n<meta name=\"robots\" content=\"index, follow, max-snippet:-1, max-image-preview:large, max-video-preview:-1\" \/>\n<link rel=\"canonical\" href=\"https:\/\/schilddruesensymposium.de\/en\/programm-schilddruesenkurs\/\" \/>\n<meta property=\"og:locale\" content=\"en_GB\" \/>\n<meta property=\"og:type\" content=\"article\" \/>\n<meta property=\"og:title\" content=\"Programm Schilddr\u00fcsenkurs - Schilddr\u00fcse | Nebenschilddr\u00fcse\" \/>\n<meta property=\"og:description\" content=\"Das Programm sowie die Referenten f\u00fcr den Schilddr\u00fcsenkurs 2027 folgen.\" \/>\n<meta property=\"og:url\" content=\"https:\/\/schilddruesensymposium.de\/en\/programm-schilddruesenkurs\/\" \/>\n<meta property=\"og:site_name\" content=\"Schilddr\u00fcse | Nebenschilddr\u00fcse\" \/>\n<meta property=\"article:modified_time\" content=\"2026-02-13T19:28:58+00:00\" \/>\n<meta name=\"twitter:card\" content=\"summary_large_image\" \/>\n<meta name=\"twitter:label1\" content=\"Estimated reading time\" \/>\n\t<meta name=\"twitter:data1\" content=\"1 minute\" \/>\n<script type=\"application\/ld+json\" class=\"yoast-schema-graph\">{\"@context\":\"https:\\\/\\\/schema.org\",\"@graph\":[{\"@type\":\"WebPage\",\"@id\":\"https:\\\/\\\/schilddruesensymposium.de\\\/programm-schilddruesenkurs\\\/\",\"url\":\"https:\\\/\\\/schilddruesensymposium.de\\\/programm-schilddruesenkurs\\\/\",\"name\":\"Programm Schilddr\u00fcsenkurs - Schilddr\u00fcse | Nebenschilddr\u00fcse\",\"isPartOf\":{\"@id\":\"https:\\\/\\\/schilddruesensymposium.de\\\/#website\"},\"datePublished\":\"2025-10-27T14:15:29+00:00\",\"dateModified\":\"2026-02-13T19:28:58+00:00\",\"breadcrumb\":{\"@id\":\"https:\\\/\\\/schilddruesensymposium.de\\\/programm-schilddruesenkurs\\\/#breadcrumb\"},\"inLanguage\":\"en-GB\",\"potentialAction\":[{\"@type\":\"ReadAction\",\"target\":[\"https:\\\/\\\/schilddruesensymposium.de\\\/programm-schilddruesenkurs\\\/\"]}]},{\"@type\":\"BreadcrumbList\",\"@id\":\"https:\\\/\\\/schilddruesensymposium.de\\\/programm-schilddruesenkurs\\\/#breadcrumb\",\"itemListElement\":[{\"@type\":\"ListItem\",\"position\":1,\"name\":\"Startseite\",\"item\":\"https:\\\/\\\/schilddruesensymposium.de\\\/\"},{\"@type\":\"ListItem\",\"position\":2,\"name\":\"Programm Schilddr\u00fcsenkurs\"}]},{\"@type\":\"WebSite\",\"@id\":\"https:\\\/\\\/schilddruesensymposium.de\\\/#website\",\"url\":\"https:\\\/\\\/schilddruesensymposium.de\\\/\",\"name\":\"Schilddr\u00fcse | Nebenschilddr\u00fcse\",\"description\":\"5. Hammer Schilddr\u00fcsenkurs | 21. \\\/ 22. Januar 2027\",\"potentialAction\":[{\"@type\":\"SearchAction\",\"target\":{\"@type\":\"EntryPoint\",\"urlTemplate\":\"https:\\\/\\\/schilddruesensymposium.de\\\/?s={search_term_string}\"},\"query-input\":{\"@type\":\"PropertyValueSpecification\",\"valueRequired\":true,\"valueName\":\"search_term_string\"}}],\"inLanguage\":\"en-GB\"}]}<\/script>\n<!-- \/ Yoast SEO plugin. -->","yoast_head_json":{"title":"Programm Schilddr\u00fcsenkurs - Schilddr\u00fcse | Nebenschilddr\u00fcse","robots":{"index":"index","follow":"follow","max-snippet":"max-snippet:-1","max-image-preview":"max-image-preview:large","max-video-preview":"max-video-preview:-1"},"canonical":"https:\/\/schilddruesensymposium.de\/en\/programm-schilddruesenkurs\/","og_locale":"en_GB","og_type":"article","og_title":"Programm Schilddr\u00fcsenkurs - Schilddr\u00fcse | Nebenschilddr\u00fcse","og_description":"Das Programm sowie die Referenten f\u00fcr den Schilddr\u00fcsenkurs 2027 folgen.","og_url":"https:\/\/schilddruesensymposium.de\/en\/programm-schilddruesenkurs\/","og_site_name":"Schilddr\u00fcse | Nebenschilddr\u00fcse","article_modified_time":"2026-02-13T19:28:58+00:00","twitter_card":"summary_large_image","twitter_misc":{"Estimated reading time":"1 minute"},"schema":{"@context":"https:\/\/schema.org","@graph":[{"@type":"WebPage","@id":"https:\/\/schilddruesensymposium.de\/programm-schilddruesenkurs\/","url":"https:\/\/schilddruesensymposium.de\/programm-schilddruesenkurs\/","name":"Programm Schilddr\u00fcsenkurs - Schilddr\u00fcse | Nebenschilddr\u00fcse","isPartOf":{"@id":"https:\/\/schilddruesensymposium.de\/#website"},"datePublished":"2025-10-27T14:15:29+00:00","dateModified":"2026-02-13T19:28:58+00:00","breadcrumb":{"@id":"https:\/\/schilddruesensymposium.de\/programm-schilddruesenkurs\/#breadcrumb"},"inLanguage":"en-GB","potentialAction":[{"@type":"ReadAction","target":["https:\/\/schilddruesensymposium.de\/programm-schilddruesenkurs\/"]}]},{"@type":"BreadcrumbList","@id":"https:\/\/schilddruesensymposium.de\/programm-schilddruesenkurs\/#breadcrumb","itemListElement":[{"@type":"ListItem","position":1,"name":"Startseite","item":"https:\/\/schilddruesensymposium.de\/"},{"@type":"ListItem","position":2,"name":"Programm Schilddr\u00fcsenkurs"}]},{"@type":"WebSite","@id":"https:\/\/schilddruesensymposium.de\/#website","url":"https:\/\/schilddruesensymposium.de\/","name":"Thyroid gland | Parathyroid gland","description":"5th Hammer Thyroid Course | 21 \/ 22 January 2027","potentialAction":[{"@type":"SearchAction","target":{"@type":"EntryPoint","urlTemplate":"https:\/\/schilddruesensymposium.de\/?s={search_term_string}"},"query-input":{"@type":"PropertyValueSpecification","valueRequired":true,"valueName":"search_term_string"}}],"inLanguage":"en-GB"}]}},"_links":{"self":[{"href":"https:\/\/schilddruesensymposium.de\/en\/wp-json\/wp\/v2\/pages\/133","targetHints":{"allow":["GET"]}}],"collection":[{"href":"https:\/\/schilddruesensymposium.de\/en\/wp-json\/wp\/v2\/pages"}],"about":[{"href":"https:\/\/schilddruesensymposium.de\/en\/wp-json\/wp\/v2\/types\/page"}],"author":[{"embeddable":true,"href":"https:\/\/schilddruesensymposium.de\/en\/wp-json\/wp\/v2\/users\/1"}],"replies":[{"embeddable":true,"href":"https:\/\/schilddruesensymposium.de\/en\/wp-json\/wp\/v2\/comments?post=133"}],"version-history":[{"count":10,"href":"https:\/\/schilddruesensymposium.de\/en\/wp-json\/wp\/v2\/pages\/133\/revisions"}],"predecessor-version":[{"id":255,"href":"https:\/\/schilddruesensymposium.de\/en\/wp-json\/wp\/v2\/pages\/133\/revisions\/255"}],"wp:attachment":[{"href":"https:\/\/schilddruesensymposium.de\/en\/wp-json\/wp\/v2\/media?parent=133"}],"curies":[{"name":"wp","href":"https:\/\/api.w.org\/{rel}","templated":true}]}}